{"id":3415,"date":"2025-11-18T16:45:45","date_gmt":"2025-11-18T16:45:45","guid":{"rendered":"https:\/\/www.celine-sebrecht.fr\/?page_id=3415"},"modified":"2025-11-20T10:41:55","modified_gmt":"2025-11-20T10:41:55","slug":"ressources-sobriete-numerique","status":"publish","type":"page","link":"https:\/\/www.celine-sebrecht.fr\/?page_id=3415","title":{"rendered":"Ressources &#8211; Sobri\u00e9t\u00e9 num\u00e9rique"},"content":{"rendered":"\t\t<div data-elementor-type=\"wp-page\" data-elementor-id=\"3415\" class=\"elementor elementor-3415\">\n\t\t\t\t<div class=\"elementor-element elementor-element-6ee3d884 e-flex e-con-boxed wpr-particle-no wpr-parallax-no wpr-sticky-section-no wpr-equal-height-no e-con e-parent\" data-id=\"6ee3d884\" data-element_type=\"container\" data-e-type=\"container\">\n\t\t\t\t\t<div class=\"e-con-inner\">\n\t\t\t\t<div class=\"elementor-element elementor-element-599ea2d elementor-widget elementor-widget-spacer\" data-id=\"599ea2d\" data-element_type=\"widget\" data-e-type=\"widget\" data-widget_type=\"spacer.default\">\n\t\t\t\t<div class=\"elementor-widget-container\">\n\t\t\t\t\t\t\t<div class=\"elementor-spacer\">\n\t\t\t<div class=\"elementor-spacer-inner\"><\/div>\n\t\t<\/div>\n\t\t\t\t\t\t<\/div>\n\t\t\t\t<\/div>\n\t\t\t\t<div class=\"elementor-element elementor-element-6093c4f animated-slow elementor-invisible elementor-widget elementor-widget-heading\" data-id=\"6093c4f\" data-element_type=\"widget\" data-e-type=\"widget\" data-settings=\"{&quot;_animation&quot;:&quot;fadeInUp&quot;}\" data-widget_type=\"heading.default\">\n\t\t\t\t<div class=\"elementor-widget-container\">\n\t\t\t\t\t<h2 class=\"elementor-heading-title elementor-size-default\">De nombreuses ressources sont mises \u00e0 votre disposition dans le cadre du Tour France Num<\/h2>\t\t\t\t<\/div>\n\t\t\t\t<\/div>\n\t\t\t\t<div class=\"elementor-element elementor-element-0437d11 elementor-widget elementor-widget-spacer\" data-id=\"0437d11\" data-element_type=\"widget\" data-e-type=\"widget\" data-widget_type=\"spacer.default\">\n\t\t\t\t<div class=\"elementor-widget-container\">\n\t\t\t\t\t\t\t<div class=\"elementor-spacer\">\n\t\t\t<div class=\"elementor-spacer-inner\"><\/div>\n\t\t<\/div>\n\t\t\t\t\t\t<\/div>\n\t\t\t\t<\/div>\n\t\t\t\t<div class=\"elementor-element elementor-element-9d4e6b8 animated-slow elementor-invisible elementor-widget elementor-widget-heading\" data-id=\"9d4e6b8\" data-element_type=\"widget\" data-e-type=\"widget\" data-settings=\"{&quot;_animation&quot;:&quot;fadeInUp&quot;}\" data-widget_type=\"heading.default\">\n\t\t\t\t<div class=\"elementor-widget-container\">\n\t\t\t\t\t<p class=\"elementor-heading-title elementor-size-default\">ADEME : Programme altimpact<\/p>\t\t\t\t<\/div>\n\t\t\t\t<\/div>\n\t\t\t\t<div class=\"elementor-element elementor-element-65aaf77c elementor-widget elementor-widget-text-editor\" data-id=\"65aaf77c\" data-element_type=\"widget\" data-e-type=\"widget\" data-widget_type=\"text-editor.default\">\n\t\t\t\t<div class=\"elementor-widget-container\">\n\t\t\t\t\t\t\t\t\t<div class=\"wp-block-media-text alignwide is-stacked-on-mobile is-vertically-aligned-center\">\n<figure class=\"wp-block-media-text__media\"><a href=\"https:\/\/altimpact.fr\/bonnes-pratiques\/\"><img fetchpriority=\"high\" decoding=\"async\" class=\"alignnone wp-image-3441 size-medium\" src=\"https:\/\/www.celine-sebrecht.fr\/wp-content\/uploads\/2025\/11\/Capture-decran-2025-11-20-094420-254x300.png\" alt=\"\" width=\"254\" height=\"300\" srcset=\"https:\/\/www.celine-sebrecht.fr\/wp-content\/uploads\/2025\/11\/Capture-decran-2025-11-20-094420-254x300.png 254w, https:\/\/www.celine-sebrecht.fr\/wp-content\/uploads\/2025\/11\/Capture-decran-2025-11-20-094420-867x1024.png 867w, https:\/\/www.celine-sebrecht.fr\/wp-content\/uploads\/2025\/11\/Capture-decran-2025-11-20-094420-768x907.png 768w, https:\/\/www.celine-sebrecht.fr\/wp-content\/uploads\/2025\/11\/Capture-decran-2025-11-20-094420.png 1134w\" sizes=\"(max-width: 254px) 100vw, 254px\" \/><\/a><\/figure>\n<div class=\"wp-block-media-text__content\">\n<p><\/p>\n<p>L&rsquo;ADEME a mis au point le programme ALTIMPACT, qui vous permet de d\u00e9couvrir les bonnes pratiques pour limiter l&rsquo;impact de vos usages num\u00e9riques.<\/p>\n<p><\/p>\n<p>En jouant avec les filtres, vous d\u00e9couvrez et exp\u00e9rimentez petits changements ou grande r\u00e9volution, que ce soit dans votre quotidien professionnel, au niveau de votre organisation ou \u00e0 la maison.<\/p>\n<p><\/p>\n<p>A consommer sans mod\u00e9ration !<\/p>\n<p>\ud83d\udc49\ud83c\udffb <a href=\"https:\/\/altimpact.fr\/bonnes-pratiques\/\">d\u00e9couvrir le site Altimpact<\/a><\/p>\n<p><\/p>\n<p><\/p>\n<\/div>\n<\/div>\n<p><!-- \/wp:media-text --><!-- wp:categories {\"taxonomy\":\"post_tag\"} \/--><\/p>\t\t\t\t\t\t\t\t<\/div>\n\t\t\t\t<\/div>\n\t\t\t\t<div class=\"elementor-element elementor-element-5d5de29 elementor-widget elementor-widget-spacer\" data-id=\"5d5de29\" data-element_type=\"widget\" data-e-type=\"widget\" data-widget_type=\"spacer.default\">\n\t\t\t\t<div class=\"elementor-widget-container\">\n\t\t\t\t\t\t\t<div class=\"elementor-spacer\">\n\t\t\t<div class=\"elementor-spacer-inner\"><\/div>\n\t\t<\/div>\n\t\t\t\t\t\t<\/div>\n\t\t\t\t<\/div>\n\t\t\t\t<div class=\"elementor-element elementor-element-47ca7d6 animated-slow elementor-invisible elementor-widget elementor-widget-heading\" data-id=\"47ca7d6\" data-element_type=\"widget\" data-e-type=\"widget\" data-settings=\"{&quot;_animation&quot;:&quot;fadeInUp&quot;}\" data-widget_type=\"heading.default\">\n\t\t\t\t<div class=\"elementor-widget-container\">\n\t\t\t\t\t<p class=\"elementor-heading-title elementor-size-default\">Tour france num : toutes les ressources<\/p>\t\t\t\t<\/div>\n\t\t\t\t<\/div>\n\t\t\t\t\t<\/div>\n\t\t\t\t<\/div>\n\t\t<div class=\"elementor-element elementor-element-d44e851 e-flex e-con-boxed wpr-particle-no wpr-parallax-no wpr-sticky-section-no wpr-equal-height-no e-con e-parent\" data-id=\"d44e851\" data-element_type=\"container\" data-e-type=\"container\">\n\t\t\t\t\t<div class=\"e-con-inner\">\n\t\t\t\t<div class=\"elementor-element elementor-element-4fa0dcc elementor-widget elementor-widget-html\" data-id=\"4fa0dcc\" data-element_type=\"widget\" data-e-type=\"widget\" data-widget_type=\"html.default\">\n\t\t\t\t<div class=\"elementor-widget-container\">\n\t\t\t\t\t<iframe src=\"https:\/\/www.francenum.gouv.fr\/files\/2025-03\/%5BTFN%5D%20Sous-GT%20Sobri%C3%A9t%C3%A9_ressources_essentielles-V2.pdf\" width=\"100%\" height=\"600px\"><\/iframe>\t\t\t\t<\/div>\n\t\t\t\t<\/div>\n\t\t\t\t\t<\/div>\n\t\t\t\t<\/div>\n\t\t\t\t<\/div>\n\t\t","protected":false},"excerpt":{"rendered":"<p>De nombreuses ressources sont mises \u00e0 votre disposition dans le cadre du Tour France Num ADEME : Programme altimpact L&rsquo;ADEME a mis au point le programme ALTIMPACT, qui vous permet de d\u00e9couvrir les bonnes pratiques pour limiter l&rsquo;impact de vos usages num\u00e9riques. En jouant avec les filtres, vous d\u00e9couvrez et exp\u00e9rimentez petits changements ou grande r\u00e9volution, que ce soit dans votre quotidien professionnel, au niveau de votre organisation ou \u00e0 la maison. A consommer sans mod\u00e9ration ! \ud83d\udc49\ud83c\udffb d\u00e9couvrir le site Altimpact Tour france num : toutes les ressources<\/p>\n","protected":false},"author":1,"featured_media":0,"parent":0,"menu_order":0,"comment_status":"closed","ping_status":"closed","template":"","meta":{"footnotes":""},"class_list":["post-3415","page","type-page","status-publish","hentry"],"acf":[],"_links":{"self":[{"href":"https:\/\/www.celine-sebrecht.fr\/index.php?rest_route=\/wp\/v2\/pages\/3415","targetHints":{"allow":["GET"]}}],"collection":[{"href":"https:\/\/www.celine-sebrecht.fr\/index.php?rest_route=\/wp\/v2\/pages"}],"about":[{"href":"https:\/\/www.celine-sebrecht.fr\/index.php?rest_route=\/wp\/v2\/types\/page"}],"author":[{"embeddable":true,"href":"https:\/\/www.celine-sebrecht.fr\/index.php?rest_route=\/wp\/v2\/users\/1"}],"replies":[{"embeddable":true,"href":"https:\/\/www.celine-sebrecht.fr\/index.php?rest_route=%2Fwp%2Fv2%2Fcomments&post=3415"}],"version-history":[{"count":31,"href":"https:\/\/www.celine-sebrecht.fr\/index.php?rest_route=\/wp\/v2\/pages\/3415\/revisions"}],"predecessor-version":[{"id":3482,"href":"https:\/\/www.celine-sebrecht.fr\/index.php?rest_route=\/wp\/v2\/pages\/3415\/revisions\/3482"}],"wp:attachment":[{"href":"https:\/\/www.celine-sebrecht.fr\/index.php?rest_route=%2Fwp%2Fv2%2Fmedia&parent=3415"}],"curies":[{"name":"wp","href":"https:\/\/api.w.org\/{rel}","templated":true}]}}